{"id":1973,"date":"2025-09-16T10:50:46","date_gmt":"2025-09-16T10:50:46","guid":{"rendered":"https:\/\/polaris.ro\/?page_id=1973"},"modified":"2025-09-25T09:52:20","modified_gmt":"2025-09-25T09:52:20","slug":"date-de-contact-polaris","status":"publish","type":"page","link":"https:\/\/polaris.ro\/index.php\/date-de-contact-polaris\/","title":{"rendered":"Date de contact Polaris"},"content":{"rendered":"\n<div class=\"wp-block-group\"><div class=\"wp-block-group__inner-container is-layout-constrained wp-block-group-is-layout-constrained\">\n<div class=\"wp-block-group\"><div class=\"wp-block-group__inner-container is-layout-constrained wp-block-group-is-layout-constrained\">\n<h2 class=\"wp-block-heading\"><strong>Date de contact \u2014 Alba Iulia<\/strong><\/h2>\n\n\n\n<p>( B\u0103r\u0103ban\u021b, Mice\u0219ti, Oarda \u0219i P\u00e2cli\u0219a )<\/p>\n\n\n\n<p><strong>Secretariat Alba Iulia<\/strong><\/p>\n\n\n\n<ul class=\"wp-block-list\">\n<li><strong>Adres\u0103:<\/strong> Bd. Horea, nr. 38, Alba Iulia<\/li>\n\n\n\n<li><strong>Program:<\/strong> Luni\u2013Vineri: 08:00\u201316:30; S\u00e2mb\u0103t\u0103\u2013Duminic\u0103: \u00eenchis<\/li>\n\n\n\n<li><strong>Telefon:<\/strong> +40\u202f723\u202f118\u202f739<\/li>\n\n\n\n<li><strong>Email:<\/strong> <a>&#x63;&#x6f;&#x6d;&#101;&#114;ci&#x61;&#x6c;&#x61;&#x6c;&#98;&#97;iu&#x6c;&#x69;&#x61;&#64;&#112;&#111;la&#x72;&#x69;&#x73;&#46;&#114;o<\/a><\/li>\n<\/ul>\n<\/div><\/div>\n<\/div><\/div>\n\n\n\n<div class=\"wp-block-group\"><div class=\"wp-block-group__inner-container is-layout-constrained wp-block-group-is-layout-constrained\">\n<h3 class=\"wp-block-heading\">Date de contact \u2014 Jude\u021b Br\u0103ila <\/h3>\n\n\n\n<p>municipiul Br\u0103ila, ora\u0219ele F\u0103urei, Ianca (cu satele Berle\u0219ti, Gara Ianca, Opri\u0219ene\u0219ti, Peri\u0219oru, Plopu, T\u00e2rlele Filiu) \u0219i \u00censur\u0103\u021bei (cu satele Lacu Rezii, M\u0103ru Ro\u0219u, Valea C\u0103lm\u0103\u021buiului), precum \u0219i din comunele \u0219i satele aferente: B\u0103r\u0103ganul, Berte\u0219tii de Jos (Berte\u0219tii de Jos, Berte\u0219tii de Sus, Gura C\u0103lm\u0103\u021bui, Spiru Haret), Bordei Verde (Bordei Verde, Constantin Gabrielescu, Filiu, Li\u0219coteanca), Cazasu, Chiscani (Chiscani, Lacu S\u0103rat, V\u0103rs\u0103tura), Ciocile (Ciocile, Chichine\u021bu, Od\u0103ieni), Cire\u0219u (Cire\u0219u, Batogu, Ione\u0219ti, Sc\u0103rl\u0103te\u0219ti, Vultureni), Dude\u0219ti (Dude\u0219ti, Bumb\u0103cari, T\u0103taru), Frec\u0103\u021bei (Frec\u0103\u021bei, Agaua, Cistia, Salcia, Stoiene\u0219ti, Titcov), Galbenu (Galbenu, Drogu, P\u00e2ntecani, S\u0103tuc, Zamfire\u0219ti), Gemenele (Gemenele, G\u0103vani), Gradi\u0219tea (Gradi\u0219tea, Ibrianu, Maraloiu, \u0218u\u021be\u015fti), Gropeni, Jirl\u0103u (Jirl\u0103u, Br\u0103deanca, Li\u015fcoteanca, Magureni), M\u0103xineni (M\u0103xineni, Corbu Nou, Latinu, Voine\u0219ti), Movila Miresii (Movila Miresii, Esna, \u021aepe\u0219 Vod\u0103), Racovi\u021ba (Racovi\u021ba, Custura), R\u00e2mnicelu (R\u00e2mnicelu, Boarca, Constantine\u0219ti, Mihail Kog\u0103lniceanu), Romanu (Romanu, Oancea), Ro\u0219iori (Ro\u0219iori, Florica, Pribeagu), Salcia Tudor (Salcia Tudor, Ariciu, Cuza Vod\u0103, Gurb\u0103ne\u0219ti, Ol\u0103neasca), Scor\u021baru Nou (Scor\u021baru Nou, Gurguie\u021bi, Nicolae B\u0103lcescu, Pitula\u021bi), Sili\u0219tea (Sili\u0219tea, Cotu Lung, Vame\u0219u), St\u0103ncu\u021ba (St\u0103ncu\u021ba, Cuza Vod\u0103, Polize\u0219ti, Stanca), Surdila-G\u0103iseanca (Surdila-G\u0103iseanca, Brate\u0219u Vechi, F\u0103urei-Sat, Horia, Surdila-Greci), \u0218u\u021be\u0219ti (\u0218u\u021be\u0219ti, Mihail Kog\u0103lniceanu), Tichile\u0219ti (Tichile\u0219ti, Albina), Traian (Traian, C\u0103ld\u0103ru\u0219a, Silistraru, Urleasca), Tudor Vladimirescu (Tudor Vladimirescu, Com\u0103neasca, Scor\u021baru Vechi), Tufe\u0219ti, Ulmu (Ulmu, Jugureanu), Unirea (Unirea, Morote\u0219ti, Valea C\u00e2nepii), V\u0103deni (V\u0103deni, Baldovine\u0219ti, Pietroiu), Victoria (Victoria, Mihai Bravu), Vi\u0219ani (Vi\u0219ani, C\u00e2ineni-B\u0103i, Pl\u0103soiu), Viziru (Viziru, Lanurile) \u0219i Z\u0103voaia (Z\u0103voaia, Dudescu).<\/p>\n\n\n\n<ul class=\"wp-block-list\">\n<li><strong>Dispecerat<\/strong><br>Adresa: Str. Principala, nr. 92, sat V\u0103rs\u0103tura, comuna Chiscani, jud. Br\u0103ila.<br>Program: L-V: 08:00-16:30; S\u00e2mb\u0103t\u0103-Duminic\u0103: \u00eenchis.<br>Telefon: <strong>+40 725 551 330<\/strong> <br>Email: <strong><a>&#100;&#x69;s&#x70;e&#99;&#x65;&#114;&#x61;t&#46;&#x62;&#114;&#x61;i&#x6c;&#x61;&#64;&#x70;o&#x6c;a&#114;&#x69;&#115;&#x2e;r&#111;<\/a><\/strong> <\/li>\n<\/ul>\n<\/div><\/div>\n\n\n\n<div class=\"wp-block-group\"><div class=\"wp-block-group__inner-container is-layout-constrained wp-block-group-is-layout-constrained\">\n<h3 class=\"wp-block-heading\">Date de contact \u2014 Bumbe\u0219ti-Jiu<\/h3>\n\n\n\n<ul class=\"wp-block-list\">\n<li><strong>Secretariat<\/strong>\n<ul class=\"wp-block-list\">\n<li>Adres\u0103: Str. Muzeului, nr. 1, Bumbe\u0219ti Jiu<\/li>\n\n\n\n<li>Program: Luni-Vineri: 08:00-16:30; S\u00e2mb\u0103t\u0103-Duminic\u0103: \u00eenchis<\/li>\n\n\n\n<li>Telefon: +40 731 088 021<\/li>\n\n\n\n<li>Email: <a>&#99;&#x6f;&#x6d;e&#114;&#x63;&#x69;a&#108;&#x2e;t&#97;&#x72;&#x67;u&#106;&#x69;u&#64;&#x70;&#x6f;l&#97;&#x72;&#x69;&#115;&#x2e;&#x72;o<\/a><\/li>\n<\/ul>\n<\/li>\n<\/ul>\n<\/div><\/div>\n\n\n\n<div class=\"wp-block-group\"><div class=\"wp-block-group__inner-container is-layout-constrained wp-block-group-is-layout-constrained\">\n<h3 class=\"wp-block-heading\">Date de contact \u2014 Constan\u021ba<\/h3>\n\n\n\n<p><strong>SECRETARIAT<\/strong><\/p>\n\n\n\n<ul class=\"wp-block-list\">\n<li>Adres\u0103: Str. Spiru Haret, nr. 2A, Constan\u021ba<\/li>\n\n\n\n<li>Program: Luni-Vineri: 08:00-16:30; S\u00e2mb\u0103t\u0103-Duminic\u0103: \u00cenchis<\/li>\n\n\n\n<li>Telefoane: 0241 548 711; 0241 548 700; 0241 693 708<\/li>\n\n\n\n<li>Email: <a>&#111;&#x66;f&#x69;&#x63;&#101;&#x40;p&#x6f;&#x6c;&#97;&#x72;i&#x73;&#x2e;&#114;&#x6f;<\/a>; <a>&#115;&#x65;c&#114;&#x65;t&#x61;&#x72;&#105;&#x61;t&#64;&#x70;o&#108;&#x61;&#114;&#x69;s&#46;&#x72;o<\/a><\/li>\n<\/ul>\n\n\n\n<p><strong>DISPECERAT SALUBRIZARE<\/strong><\/p>\n\n\n\n<ul class=\"wp-block-list\">\n<li>Telefoane: 0241 548 600; 0241 549 030<\/li>\n\n\n\n<li>Email: <a>s&#97;&#108;&#x75;&#x62;&#x72;i&#116;&#97;&#x74;&#x65;&#x40;po&#108;&#x61;&#x72;&#x69;s&#46;&#114;&#111;<\/a><\/li>\n<\/ul>\n\n\n\n<p><strong>SERVICIUL COMERCIAL<\/strong><\/p>\n\n\n\n<ul class=\"wp-block-list\">\n<li>Adres\u0103: Str. \u0218tefan cel Mare, nr. 128 \u2014 zona Icil, l\u00e2ng\u0103 BRD, vis-\u00e0-vis de Kaufland, Constan\u021ba<\/li>\n\n\n\n<li>Program: Luni-Vineri: 08:00-16:30; Pauza de mas\u0103: 12:00-12:30<\/li>\n\n\n\n<li>Telefoane: 0241 545 596; 0241 545 592<\/li>\n\n\n\n<li>Email: <a>&#99;&#111;&#x6d;e&#114;&#x63;&#x69;a&#108;&#x40;&#x70;o&#108;&#x61;r&#105;&#x73;&#x2e;r&#111;<\/a><\/li>\n<\/ul>\n\n\n\n<p><strong>CENTRUL DE COLECTARE \u0218I VALORIFICARE DE\u0218EURI<\/strong><\/p>\n\n\n\n<ul class=\"wp-block-list\">\n<li>Adres\u0103: Bulevardul Aurel Vlaicu, nr. 290 A<\/li>\n\n\n\n<li>Colectare selectiv\u0103 de\u0219euri reciclabile (predare de\u0219euri reciclabile)<br>\u2014 Luni-Vineri: 08:00-16:30; S\u00e2mb\u0103t\u0103-Duminic\u0103: \u00cenchis<\/li>\n\n\n\n<li>Colectare de\u0219euri voluminoase &amp; DEEE: Luni-Duminic\u0103: 07:00-19:00<\/li>\n\n\n\n<li>Telefon: 0723 372 163<\/li>\n\n\n\n<li>Email: <a>r&#101;&#x63;&#x69;c&#108;&#97;&#x72;&#x65;&#64;&#112;&#111;&#x6c;&#x61;r&#105;&#x73;&#x2e;&#x72;o<\/a><\/li>\n<\/ul>\n<\/div><\/div>\n\n\n\n<div class=\"wp-block-group\"><div class=\"wp-block-group__inner-container is-layout-constrained wp-block-group-is-layout-constrained\">\n<h3 class=\"wp-block-heading\">Contact \u2014 Costine\u0219ti<\/h3>\n\n\n\n<ul class=\"wp-block-list\">\n<li><strong>Secretariat<\/strong>\n<ul class=\"wp-block-list\">\n<li>Adres\u0103: Strada Tineretului, nr. 16, Costine\u0219ti <\/li>\n\n\n\n<li>Program: Luni-Vineri: 08:00-16:30; Pauz\u0103 de mas\u0103: 12:00-12:30 <\/li>\n\n\n\n<li>Telefon: <strong>0728 281 689<\/strong><\/li>\n\n\n\n<li>Email: <strong><a>&#x63;&#x6f;&#115;t&#x69;&#x6e;&#101;st&#x69;&#x40;&#112;o&#x6c;&#x61;&#114;&#105;s&#x2e;&#x72;&#111;<\/a><\/strong><\/li>\n<\/ul>\n<\/li>\n<\/ul>\n<\/div><\/div>\n\n\n\n<div class=\"wp-block-group\"><div class=\"wp-block-group__inner-container is-layout-constrained wp-block-group-is-layout-constrained\">\n<h3 class=\"wp-block-heading\">Date de contact \u2014 Mangalia<\/h3>\n\n\n\n<ul class=\"wp-block-list\">\n<li>Secretariat\n<ul class=\"wp-block-list\">\n<li>Adres\u0103: Str. Mihai Viteazu, nr. 10 E, Mangalia<\/li>\n\n\n\n<li>Program: Luni-Vineri: 08:00-16:30; S\u00e2mb\u0103t\u0103-Duminic\u0103: \u00eenchis<\/li>\n\n\n\n<li>Telefon: 0241 740 514<\/li>\n\n\n\n<li>Email: <a>&#109;&#x61;&#x6e;&#103;&#x61;&#x6c;&#105;&#x61;&#x40;&#112;&#x6f;&#x6c;&#97;&#x72;&#x69;&#115;&#x2e;&#x72;&#111;<\/a><\/li>\n<\/ul>\n<\/li>\n<\/ul>\n<\/div><\/div>\n\n\n\n<div class=\"wp-block-group\"><div class=\"wp-block-group__inner-container is-layout-constrained wp-block-group-is-layout-constrained\">\n<h2 class=\"wp-block-heading\">Date de contact Navodari<\/h2>\n\n\n\n<p><strong>Secretariat<\/strong><\/p>\n\n\n\n<ul class=\"wp-block-list\">\n<li>Adres\u0103: Str. Tineretului, nr. 3, cl\u0103direa 29, N\u0103vodari <\/li>\n\n\n\n<li>Program birou \u00eencasare: Luni-Vineri: 08:00-10:00 \u0219i 14:30-16:30; S\u00e2mb\u0103t\u0103-Duminic\u0103: \u00eencasare la teren 10:00-14:30 <\/li>\n\n\n\n<li>Telefon: +40 733 102 899 <\/li>\n\n\n\n<li>Email: <a>g&#101;&#97;&#x6e;&#x69;n&#97;&#46;&#x62;&#x65;&#x72;b&#101;&#99;&#x40;&#x70;ol&#97;&#x72;&#x69;&#x73;&#46;&#114;&#111;<\/a> <\/li>\n<\/ul>\n<\/div><\/div>\n\n\n\n<div class=\"wp-block-group\"><div class=\"wp-block-group__inner-container is-layout-constrained wp-block-group-is-layout-constrained\">\n<p><strong>Serviciul Comercial \u2013 Centru \u00cencheiere Contracte<\/strong><\/p>\n\n\n\n<ul class=\"wp-block-list\">\n<li>Adres\u0103: Str. Tineretului, nr. 3, cl\u0103direa 29, N\u0103vodari <\/li>\n\n\n\n<li>Program: Luni-Vineri: 08:00-16:30, pauz\u0103 de mas\u0103 12:00-12:30<\/li>\n\n\n\n<li>Telefon: +40 735 002 879<\/li>\n\n\n\n<li>Email: <a>c&#111;&#109;&#x65;&#x72;ci&#97;&#108;&#x6e;&#x61;vo&#100;&#97;&#x72;&#x69;&#64;p&#111;&#x6c;&#x61;&#x72;i&#115;&#46;&#x72;&#x6f;<\/a><\/li>\n<\/ul>\n<\/div><\/div>\n\n\n\n<div class=\"wp-block-group\"><div class=\"wp-block-group__inner-container is-layout-constrained wp-block-group-is-layout-constrained\">\n<h2 class=\"wp-block-heading\">Date de contact Pestisani<\/h2>\n\n\n\n<p><strong>Secretariat Pe\u0219ti\u0219ani<\/strong><\/p>\n\n\n\n<ul class=\"wp-block-list\">\n<li><strong>Adres\u0103:<\/strong> Str. Principal\u0103 (l\u00e2ng\u0103 Prim\u0103rie), Pe\u0219ti\u0219ani<\/li>\n\n\n\n<li><strong>Program:<\/strong> Luni\u2013Vineri: 08:00\u201316:30; S\u00e2mb\u0103t\u0103\u2013Duminic\u0103: \u00eenchis<\/li>\n\n\n\n<li><strong>Telefon:<\/strong> +40\u202f731\u202f088\u202f021<\/li>\n\n\n\n<li><strong>Email:<\/strong> <a>&#x63;&#x6f;&#x6d;&#x65;&#x72;&#x63;&#x69;&#x61;&#x6c;&#x2e;&#x74;&#x61;&#x72;&#x67;&#x75;&#x6a;&#x69;&#x75;&#x40;&#x70;&#x6f;&#x6c;&#97;&#114;&#105;&#115;&#46;&#114;&#111;<\/a><\/li>\n<\/ul>\n<\/div><\/div>\n\n\n\n<div class=\"wp-block-group\"><div class=\"wp-block-group__inner-container is-layout-constrained wp-block-group-is-layout-constrained\">\n<h2 class=\"wp-block-heading\">Date de contact Targu Jiu<\/h2>\n\n\n\n<p><strong>Secretariat T\u00e2rgu Jiu<\/strong><\/p>\n\n\n\n<ul class=\"wp-block-list\">\n<li><strong>Adres\u0103:<\/strong> Str. Nicolae Titulescu, nr. 1, T\u00e2rgu Jiu<\/li>\n\n\n\n<li><strong>Program:<\/strong> Luni\u2011Vineri: 08:00\u201116:30; S\u00e2mb\u0103t\u0103\u2011Duminic\u0103: \u00eenchis<\/li>\n\n\n\n<li><strong>Telefon:<\/strong> +40\u202f731\u202f088\u202f021<\/li>\n\n\n\n<li><strong>Email:<\/strong> <a>&#x74;&#x61;&#x72;&#x67;&#x75;&#x6a;&#105;&#117;&#64;&#112;olar&#x69;&#x73;&#x2e;&#x72;&#x6f;<\/a>; <a>&#x63;&#x6f;&#x6d;&#x65;&#x72;&#x63;&#x69;&#x61;&#x6c;&#x2e;&#x74;&#x61;&#x72;&#x67;&#117;&#106;&#105;&#117;&#64;&#112;&#111;&#108;&#97;&#114;&#105;s&#46;ro<\/a><\/li>\n<\/ul>\n<\/div><\/div>\n\n\n\n<div class=\"wp-block-group\"><div class=\"wp-block-group__inner-container is-layout-constrained wp-block-group-is-layout-constrained\">\n<h2 class=\"wp-block-heading\">Date de contact Targu Mures<\/h2>\n\n\n\n<p>Municipii: T\u00e2rgu Mure\u0219, Reghin, Sighi\u0219oara, T\u00e2rn\u0103veni<\/p>\n\n\n\n<p>Ora\u0219e: Iernut, Ludu\u0219, Miercurea Nirajului, S\u00e2ngeorgiu de P\u0103dure, S\u0103rma\u0219u, Sovata, Ungheni <\/p>\n\n\n\n<p>Comune \u0219i sate (comunele), c\u00e2teva exemple: Ac\u0103\u021bari; Ad\u0103mu\u0219; Albe\u0219ti; Aluni\u0219; Apold; A\u021binti\u0219; B\u0103gaciu; Bahnea; B\u0103la; B\u0103l\u0103u\u0219eri; Band; Bato\u0219; Beica de Jos; Bereni; Bichi\u0219; S\u00e2nger; S\u00e2npaul; S\u00e2npetru de C\u00e2mpie; S\u00e2ntana de Mure\u0219; S\u0103r\u0103\u021beni; Saschiz; \u0218\u0103ulia; \u0218incai; Solov\u0103stru; Suseni; St\u00e2nceni; Suplac; T\u0103ureni; Valea Larg\u0103; V\u00e2n\u0103tori; V\u0103rgata; V\u0103tava; Ve\u021bca; Vii\u0219oara; Voivodeni; Z\u0103u de C\u00e2mpie; Zag\u0103r<\/p>\n\n\n\n<p><strong>Secretariat T\u00e2rgu Mure\u0219<\/strong><\/p>\n\n\n\n<ul class=\"wp-block-list\">\n<li><strong>Adres\u0103:<\/strong> Str. B\u0103neasa, nr. 121, T\u00e2rgu Mure\u0219<\/li>\n\n\n\n<li><strong>Program:<\/strong> Luni\u2011Vineri: 08:00\u201116:30; S\u00e2mb\u0103t\u0103\u2011Duminic\u0103: \u00eenchis<\/li>\n\n\n\n<li><strong>Telefon:<\/strong> +40\u202f733\u202f002\u202f072<\/li>\n\n\n\n<li><strong>Email:<\/strong> <a>&#x64;&#x69;&#x73;&#112;&#101;ce&#x72;&#x61;&#x74;&#x6d;&#117;&#114;es&#x40;&#x70;&#x6f;&#108;&#97;&#114;is&#x2e;&#x72;&#x6f;<\/a><\/li>\n<\/ul>\n<\/div><\/div>\n\n\n\n<div class=\"wp-block-group\"><div class=\"wp-block-group__inner-container is-layout-constrained wp-block-group-is-layout-constrained\">\n<h2 class=\"wp-block-heading\">Date de contact Timis<\/h2>\n\n\n\n<h3 class=\"wp-block-heading\">Municipii:<\/h3>\n\n\n\n<p><strong>Timi\u0219oara, Lugoj.<\/strong><\/p>\n\n\n\n<h3 class=\"wp-block-heading\">Ora\u0219e:<\/h3>\n\n\n\n<p><strong>Buzia\u0219, Ciacova, Deta, F\u0103get, G\u0103taia, Jimbolia, Reca\u0219, S\u00e2nnicolau Mare.<\/strong><\/p>\n\n\n\n<hr class=\"wp-block-separator has-alpha-channel-opacity\"\/>\n\n\n\n<h3 class=\"wp-block-heading\">Comune \u0219i sate aferente:<\/h3>\n\n\n\n<p>Balin\u021b (Balin\u021b, Bodo, F\u0103dimac, T\u00e2rgovi\u0219te), Banloc (Banloc, Ofseni\u021ba, Parto\u0219, Soca), Bara (Bara, Dobre\u0219ti, L\u0103pu\u0219nic, R\u0103dm\u0103ne\u0219ti, Spata), B\u00e2rna (B\u00e2rna, Bote\u0219ti, Botine\u0219ti, Drinova, Jure\u0219ti, Pog\u0103ne\u0219ti, S\u0103r\u0103zani), Becicherecu Mic, Belin\u021b (Belin\u021b, Bab\u0219a, Chiz\u0103t\u0103u, Gruni), Bethausen (Bethausen, Cladova, Cutina, Leucu\u0219e\u0219ti, Nevrincea), Biled, Birda (Birda, Berecu\u021ba, M\u00e2n\u0103stire, S\u00e2ngeorge), Boldur (Boldur, Jab\u0103r, Ohaba-Forgaci, Sinersig), Bucov\u0103\u021b (Bucov\u0103\u021b, Bazo\u0219, Bazo\u0219u Nou), C\u0103rpini\u0219 (C\u0103rpini\u0219, Cebza, Iecea Mic\u0103), Cenad, Checea, Chevere\u0219u Mare (Chevere\u0219u Mare, Drag\u0219ina, Vucova), Comlo\u0219u Mare (Comlo\u0219u Mare, Comlo\u0219u Mic, Lunga), Co\u0219teiu (Co\u0219teiu, Hezeri\u0219, P\u0103ru, Saco\u0219u Mare, \u021aipari, Valea Lung\u0103 Rom\u00e2n\u0103), Criciova (Criciova, Cire\u0219u, Cire\u0219u Mic, Jdioara, Cire\u0219u Nou), Curtea (Curtea, Co\u0219ava, Homojdia), Darova (Darova, Hodo\u0219, Saco\u0219u Turcesc), Denta (Denta, Bre\u0219tea, Rovini\u021ba Mare, Rovini\u021ba Mic\u0103), Dude\u0219tii Noi, Dude\u0219tii Vechi (Dude\u0219tii Vechi, Cheglevici, Colonia Bulgar\u0103), Dumbrava (Dumbrava, Bucov\u0103\u021b, R\u0103chita, B\u0103te\u0219ti), Dumbr\u0103vi\u021ba, Fibi\u0219, Foeni, F\u0103get (inclus deja la ora\u0219), Ghilad (Ghilad, Gad, Gr\u0103nicerii), Ghizela (Ghizela, Hisia\u0219, Paniova, \u0218anovi\u021ba), Giera (Giera, Gr\u0103nicerii, Toager), Giroc (Giroc, Chi\u0219oda), Giarmata (Giarmata, Cerneteaz), Giulv\u0103z (Giulv\u0103z, Craiva, Ivanda, Rudna), Gottlob (Gottlob, Vizejdia, Cherestur), Iecea Mare, Jamu Mare (Jamu Mare, Clopodia, Ferendia, Gherman, L\u0103\u0163una\u0219), Jebel, Lenauheim (Lenauheim, Bulg\u0103ru\u0219, Grab\u0103\u021b), Liebling (Liebling, Cerna, Iosif), Livezile (Livezile, Dola\u021b, Valea Lung\u0103 Rom\u00e2n\u0103), Lovrin, M\u0103n\u0103\u0219tiur (M\u0103n\u0103\u0219tiur, P\u0103durani, Remetea-Lunc\u0103, Topla), Margina (Margina, Bulza, Breazova, Co\u0219teiu de Sus, Co\u0219evi\u021ba, Nemedi, Sinaia, Zorani), Ma\u0219loc (Ma\u0219loc, Alio\u0219, Remetea Mic\u0103), Moravi\u021ba (Moravi\u021ba, Dejan, Gaiu Mic, Stamora German\u0103), Mo\u0219ni\u021ba Nou\u0103 (Mo\u0219ni\u021ba Nou\u0103, Albina, Mo\u0219ni\u021ba Veche, Urseni, Rudicica), N\u0103drag (N\u0103drag, Crivina), Ni\u021bchidorf (Ni\u021bchidorf, Blajova, Duboz), Ohaba Lung\u0103 (Ohaba Lung\u0103, Dube\u0219ti, Ier\u0219nic, Ohaba Rom\u00e2n\u0103), Or\u021bi\u0219oara (Or\u021bi\u0219oara, C\u0103lacea, Corne\u0219ti, Seceani), Otelec, Par\u021ba, P\u0103dureni (P\u0103dureni, Clopodia, S\u00e2ngeorge), Peciu Nou (Peciu Nou, Dinia\u0219, S\u00e2nmartinu S\u00e2rbesc), Periam, Pesac, Pietroasa (Pietroasa, Crivina de Sus, F\u0103r\u0103\u0219e\u0219ti, Poieni), Pi\u0219chia (Pi\u0219chia, Bencecu de Sus, Bencecu de Jos, Murani), Racovi\u021ba (Racovi\u021ba, Fic\u0103tar), Remetea Mare (Remetea Mare, Ianova), Saco\u0219u Turcesc (Saco\u0219u Turcesc, Berini, Icloda, Otve\u0219ti, Stamora Rom\u00e2n\u0103, Uliuc, Unip), Saravale, S\u00e2nandrei (S\u00e2nandrei, Carani, Covaci), S\u00e2nmihaiu Rom\u00e2n (S\u00e2nmihaiu Rom\u00e2n, S\u00e2nmihaiu German, Utvin), S\u00e2npetru Mare (S\u00e2npetru Mare, Igri\u0219, Saravale), S\u00e2npetrul Mic, S\u0103c\u0103laz (S\u0103c\u0103laz, Beregs\u0103u Mare, Beregs\u0103u Mic), Satchinez (Satchinez, B\u0103r\u0103teaz, Hodoni), Seca\u0219 (Seca\u0219, Cheche\u0219), \u0218ag, \u0218andra (\u0218andra, Uihei), \u0218tiuca (\u0218tiuca, Dragomire\u0219ti, Olo\u0219ag, Zgribe\u0219ti), Teremia Mare (Teremia Mare, Ner\u0103u, Beregs\u0103u Mic), Tomnatic, Topolov\u0103\u021bu Mare (Topolov\u0103\u021bu Mare, Crivobara, Ictar-Budin\u021bi, \u0218u\u0219tra, Topolov\u0103\u021bu Mic), Tormac (Tormac, \u0218ipet), Traian Vuia (Traian Vuia, Jup\u00e2ne\u0219ti, S\u0103ceni, Surducu Mic, Sudria\u0219), Uivar (Uivar, Pustini\u0219, R\u0103u\u021bi, S\u00e2nmartinu Maghiar), V\u0103lcani, Varias (Var\u0219and, Gelu, S\u00e2npetru Mic), Victor Vlad Delamarina (Victor Vlad Delamarina, Herende\u0219ti, Honorici, P\u0103dureni, Petroasa Mare), Voiteg, etc.<\/p>\n\n\n\n<p><strong>Secretariat Timi\u0219<\/strong><\/p>\n\n\n\n<ul class=\"wp-block-list\">\n<li><strong>Adres\u0103:<\/strong> Str. Ovidiu Cotru\u0219, nr. 40<\/li>\n\n\n\n<li><strong>Program:<\/strong> Luni\u2013Vineri: 08:00\u201316:30; S\u00e2mb\u0103t\u0103\u2013Duminic\u0103: \u00eenchis<\/li>\n\n\n\n<li><strong>Email:<\/strong> <a>&#x63;&#x61;&#108;&#105;n&#x2e;&#x62;&#x75;&#108;za&#x6e;&#x40;&#112;&#111;l&#x61;&#x72;&#x69;&#115;&#46;r&#x6f;<\/a><\/li>\n<\/ul>\n<\/div><\/div>\n\n\n\n<div class=\"wp-block-group\"><div class=\"wp-block-group__inner-container is-layout-constrained wp-block-group-is-layout-constrained\">\n<h2 class=\"wp-block-heading\">Date de contact Judet Vrancea Lot 1 Zona Focsani<\/h2>\n\n\n\n<p>Jude\u021bul Vrancea include municipiile Foc\u0219ani \u0219i Adjud, ora\u0219ele M\u0103r\u0103\u0219e\u0219ti, Odobesti \u0219i Panciu, precum \u0219i comunele \u0219i satele aferente: Andreia\u0219u de Jos, Andreia\u0219u de Sus, B\u0103le\u0219ti, B\u00e2rse\u0219ti, Bilie\u0219ti, Boghe\u0219ti, Biche\u0219ti, Biche\u0219tii de Sus, Biche\u0219tii de Jos, Chi\u021bcani, Iugani, Ple\u0219e\u0219ti, Pl\u0103cin\u021beni, Prisecani, T\u0103buce\u0219ti, Bolote\u0219ti, G\u0103ge\u0219ti, Iv\u0103nce\u0219ti, Pietroasa, Putna, Vit\u0103ne\u0219tii de sub M\u0103gur\u0103, Borde\u0219ti, Bro\u0219teni, Arva, C\u00e2mpineanca, C\u00e2mpuri, C\u00e2rligele, Blidari, Chiojdeni, C\u0103lienii Noi, C\u0103lienii Vechi, Bilie\u0219ti, Vulturu, Dumitre\u0219ti, Cior\u0103\u0219ti, Codre\u0219ti, Mih\u0103lceni, Salcia Nou\u0103, Salcia Veche, Satu Nou, Sp\u0103t\u0103reasa, Corbi\u021ba, Cote\u0219ti, Dumbr\u0103veni, Fitione\u0219ti, Garoafa, Gole\u0219ti, Gologanu, Guge\u0219ti, Gura Cali\u021bei, Homocea, Jari\u0219tea, Jitia, M\u0103ic\u0103ne\u0219ti, M\u0103r\u0103\u0219e\u0219ti, Mera, Livada, Milcovel, Ro\u0219ioara, Vulc\u0103neasa, Milcovul, Movili\u021ba, N\u0103ne\u0219ti, N\u0103ruja, Negrile\u0219ti, Nereju, Nistore\u0219ti, Obreji\u021ba, Paltin, P\u0103ule\u0219ti, P\u0103une\u0219ti, Ploscu\u021beni, Poiana Cristei, Pope\u0219ti, Pufe\u0219ti, R\u0103coasa, R\u0103stoaca, Reghiu, Rugine\u0219ti, Sihlea, Slobozia Bradului, Cornetu, Coroteni, Lie\u0219ti, Ol\u0103reni, Valea Beciului, Slobozia Cior\u0103\u0219ti, Soveja, Spulber, Str\u0103oane, Suraia, T\u00e2mboe\u0219ti, T\u0103n\u0103soaia, T\u0103t\u0103ranu, \u021aife\u0219ti, Tulnici, Ureche\u0219ti, Valea S\u0103rii, V\u00e2n\u0103tori, V\u00e2rte\u0219coiu, Vidra, Vintileasca, Vizantea-Livezi, Vr\u00e2ncioaia, Vulturu.<\/p>\n\n\n\n<p><strong>Secretariat Foc\u0219ani<\/strong><\/p>\n\n\n\n<ul class=\"wp-block-list\">\n<li><strong>Adres\u0103:<\/strong> Str. Cuza Vod\u0103, nr. L63, Foc\u0219ani, jud. Vrancea<\/li>\n\n\n\n<li><strong>Program:<\/strong>\n<ul class=\"wp-block-list\">\n<li>Luni\u2013Joi: 08:00\u201315:30 (pauz\u0103 de mas\u0103: 12:00\u201312:30)<\/li>\n\n\n\n<li>Vineri: 08:00\u201312:00 (12:30\u201314:00 \u2013 eliberare contracte pentru persoane fizice)<\/li>\n<\/ul>\n<\/li>\n\n\n\n<li><strong>Telefon:<\/strong> +40\u202f775\u202f389\u202f740<\/li>\n\n\n\n<li><strong>Email:<\/strong> <a>&#100;&#x69;&#115;&#x70;&#101;&#x63;&#101;&#x72;&#97;&#x74;&#46;&#x76;&#114;&#x61;&#110;&#x63;&#101;&#x61;&#64;&#x70;&#111;&#x6c;&#97;&#x72;&#105;&#x73;&#46;&#x72;o<\/a><\/li>\n<\/ul>\n<\/div><\/div>\n\n\n\n<div class=\"wp-block-group\"><div class=\"wp-block-group__inner-container is-layout-constrained wp-block-group-is-layout-constrained\">\n<h2 class=\"wp-block-heading\">Date de contact Judet Tulcea Zona 1,2,3,4<\/h2>\n\n\n\n<p><strong>Ora\u0219ele<\/strong>: Babadag, Isaccea, M\u0103cin, Sulina<\/p>\n\n\n\n<p><strong>Comunele \u0219i satele aferente<\/strong>:<\/p>\n\n\n\n<p>Baia (Baia, Camena, Caugagia, Ceamurlia de Sus, Panduru), Beidaud (Beidaud, Neat\u00e2rnarea, Sarighiol de Deal), Be\u0219tepe (Be\u0219tepe, B\u0103ltenii de Sus, B\u0103ltenii de Jos), C.A. Rosetti (Cardon, Letea, Periprava, Sfi\u0219tofca), Carcaliu (Carcaliu), Casimcea (Casimcea, Cismeaua Nou\u0103, Corugea, Haidar, Rahman, R\u0103zboieni), Ceamurlia de Jos (Ceamurlia de Jos, Lunca), Ceatalchioi (Ceatalchioi, P\u0103tl\u0103geanca, Plauru, S\u0103lceana), Cerna (Cerna, General Praporgescu, Mircea Vod\u0103, Traian), Chilia Veche (Chilia Veche, C\u0103slita), Ciucurova (Ciucurova, Atmagea, F\u00e2nt\u00e2na Mare), Closca (Closca), Colina (Colina), Corugea (Corugea), Crisan (Crisan), D\u0103eni (D\u0103eni), Doroban\u021bu (Doroban\u021bu), Dunav\u0103\u021bu de Jos (Dunav\u0103\u021bu de Jos), Dunav\u0103\u021bu de Sus (Dunav\u0103\u021bu de Sus), Enisala (Enisala), F\u0103g\u0103ra\u0219u Nou (F\u0103g\u0103ra\u0219u Nou), F\u00e2nt\u00e2na Mare (F\u00e2nt\u00e2na Mare), F\u00e2nt\u00e2na Oilor (F\u00e2nt\u00e2na Oilor), Flore\u0219ti (Flore\u0219ti), Frecatei (Frecatei), Garv\u0103n (Garv\u0103n), General Praporgescu (General Praporgescu), Gorgova (Gorgova), Greci (Greci), Grindu (Grindu), Haidar (Haidar), Hamcearca (Hamcearca), Horia (Horia), I.C. Br\u0103tianu (I.C. Br\u0103tianu), Iazurile (Iazurile), Ilganii de Jos (Ilganii de Jos), Ilganii de Sus (Ilganii de Sus), Iulia (Iulia), Izvoarele (Izvoarele, Alba, Iulia), Jijila (Jijila), Jurilovca (Jurilovca), L\u0103stuni (L\u0103stuni), Letea (Letea), Luminita (Luminita), Lunca (Lunca), Luncavi\u021ba (Luncavi\u021ba), Mahmudia (Mahmudia), Malcoci (Malcoci), Maliuc (Maliuc), M\u0103gurele (M\u0103gurele), M\u0103st\u0103cani (M\u0103st\u0103cani), Mihai Bravu (Mihai Bravu), Mihail Kog\u0103lniceanu (Mihail Kog\u0103lniceanu), Mila 23 (Mila 23), Mina Altan Tepe (Mina Altan Tepe), Minerii (Minerii), Mircea Vod\u0103 (Mircea Vod\u0103), Murighiol (Murighiol), N\u0103l\u0103bant (N\u0103l\u0103bant), Neat\u00e2rnarea (Neat\u00e2rnarea), Nicolae B\u0103lcescu (Nicolae B\u0103lcescu), Niculitel (Niculitel), Nifon (Nifon), Nuf\u0103rul (Nuf\u0103rul), Ostrov (Ostrov), Ostrov T\u0103taru (Ostrov T\u0103taru), Panduru (Panduru), Parches (Parches), Pardina (Pardina), Partizani (Partizani), Peceneaga (Peceneaga), Periprava (Periprava), Piatra (Piatra), Plauru (Plauru), Plopu (Plopu), Po\u0219ta (Po\u0219ta), Rachelu (Rachelu), Rahmanu (Rahmanu), R\u0103zboieni (R\u0103zboieni), R\u00e2ndunica (R\u00e2ndunica), Rev\u0103rsarea (Rev\u0103rsarea), Sabangia (Sabangia), Sarichioi (Sarichioi), Sarighiol de Deal (Sarighiol de Deal), S\u0103rin\u0103\u0219u (S\u0103rin\u0103\u0219u), S\u0103lcioara (S\u0103lcioara), S\u0103lceana (S\u0103lceana)<\/p>\n\n\n\n<p><strong>Secretariat Tulcea<\/strong><\/p>\n\n\n\n<p><strong>\u00cencheiere contracte online:<\/strong> <a>contract.polaris.ro<\/a><\/p>\n\n\n\n<p><strong>Adres\u0103:<\/strong> Str. Babadag, nr. 8, bl. 2, etaj 1, Tulcea<\/p>\n\n\n\n<p><strong>Program:<\/strong> Luni\u2013Vineri: 08:00\u201316:30; S\u00e2mb\u0103t\u0103\u2013Duminic\u0103: \u00eenchis<\/p>\n\n\n\n<p><strong>Telefon:<\/strong> +40\u202f755\u202f017\u202f352<\/p>\n\n\n\n<p><strong>Email:<\/strong> <a>&#x6f;&#x66;&#x66;&#x69;&#x63;&#x65;&#x2e;&#x74;&#x75;&#x6c;&#x63;&#x65;&#x61;&#x40;&#x70;&#x6f;&#x6c;&#x61;&#x72;&#x69;&#x73;&#x2e;&#114;&#111;<\/a><\/p>\n<\/div><\/div>\n\n\n\n<p><\/p>\n","protected":false},"excerpt":{"rendered":"<p>Date de contact \u2014 Alba Iulia ( B\u0103r\u0103ban\u021b, Mice\u0219ti, Oarda \u0219i P\u00e2cli\u0219a ) Secretariat Alba Iulia Date de contact \u2014 Jude\u021b Br\u0103ila municipiul Br\u0103ila, ora\u0219ele F\u0103urei, Ianca (cu satele Berle\u0219ti, Gara Ianca, Opri\u0219ene\u0219ti, Peri\u0219oru, Plopu, T\u00e2rlele Filiu) \u0219i \u00censur\u0103\u021bei (cu satele Lacu Rezii, M\u0103ru Ro\u0219u, Valea C\u0103lm\u0103\u021buiului), precum \u0219i din comunele \u0219i satele aferente: B\u0103r\u0103ganul, [&hellip;]<\/p>\n","protected":false},"author":1,"featured_media":0,"parent":0,"menu_order":0,"comment_status":"closed","ping_status":"closed","template":"","meta":{"footnotes":""},"class_list":["post-1973","page","type-page","status-publish","hentry"],"_links":{"self":[{"href":"https:\/\/polaris.ro\/index.php\/wp-json\/wp\/v2\/pages\/1973","targetHints":{"allow":["GET"]}}],"collection":[{"href":"https:\/\/polaris.ro\/index.php\/wp-json\/wp\/v2\/pages"}],"about":[{"href":"https:\/\/polaris.ro\/index.php\/wp-json\/wp\/v2\/types\/page"}],"author":[{"embeddable":true,"href":"https:\/\/polaris.ro\/index.php\/wp-json\/wp\/v2\/users\/1"}],"replies":[{"embeddable":true,"href":"https:\/\/polaris.ro\/index.php\/wp-json\/wp\/v2\/comments?post=1973"}],"version-history":[{"count":4,"href":"https:\/\/polaris.ro\/index.php\/wp-json\/wp\/v2\/pages\/1973\/revisions"}],"predecessor-version":[{"id":2018,"href":"https:\/\/polaris.ro\/index.php\/wp-json\/wp\/v2\/pages\/1973\/revisions\/2018"}],"wp:attachment":[{"href":"https:\/\/polaris.ro\/index.php\/wp-json\/wp\/v2\/media?parent=1973"}],"curies":[{"name":"wp","href":"https:\/\/api.w.org\/{rel}","templated":true}]}}